{"id":1693,"date":"2024-04-09T16:26:41","date_gmt":"2024-04-09T14:26:41","guid":{"rendered":"https:\/\/mecanique-vivante.com\/iloop\/previous-inventions\/"},"modified":"2024-06-24T09:52:05","modified_gmt":"2024-06-24T07:52:05","slug":"previous-inventions","status":"publish","type":"page","link":"https:\/\/mecanique-vivante.com\/en\/previous-inventions\/","title":{"rendered":"Previous inventions"},"content":{"rendered":"\t\t<div data-elementor-type=\"wp-page\" data-elementor-id=\"1693\" class=\"elementor elementor-1693 elementor-818\" data-elementor-post-type=\"page\">\n\t\t\t\t<div class=\"elementor-element elementor-element-ad32273 e-flex e-con-boxed e-con e-parent\" data-id=\"ad32273\" data-element_type=\"container\">\n\t\t\t\t\t<div class=\"e-con-inner\">\n\t\t\t\t<div class=\"elementor-element elementor-element-fe29162 elementor-invisible elementor-widget elementor-widget-heading\" data-id=\"fe29162\" data-element_type=\"widget\" data-settings=\"{&quot;_animation&quot;:&quot;fadeInUp&quot;}\" data-widget_type=\"heading.default\">\n\t\t\t\t<div class=\"elementor-widget-container\">\n\t\t\t\t\t<h1 class=\"elementor-heading-title elementor-size-default\">Previous inventions<\/h1>\t\t\t\t<\/div>\n\t\t\t\t<\/div>\n\t\t\t\t\t<\/div>\n\t\t\t\t<\/div>\n\t\t<div class=\"elementor-element elementor-element-f82eadb e-flex e-con-boxed e-con e-parent\" data-id=\"f82eadb\" data-element_type=\"container\">\n\t\t\t\t\t<div class=\"e-con-inner\">\n\t\t<div class=\"elementor-element elementor-element-35645b9 e-con-full e-flex e-con e-child\" data-id=\"35645b9\" data-element_type=\"container\">\n\t\t\t\t<div class=\"elementor-element elementor-element-0b3d181 elementor-widget elementor-widget-image\" data-id=\"0b3d181\" data-element_type=\"widget\" data-widget_type=\"image.default\">\n\t\t\t\t<div class=\"elementor-widget-container\">\n\t\t\t\t\t\t\t\t\t\t\t\t<figure class=\"wp-caption\">\n\t\t\t\t\t\t\t\t\t\t\t<a href=\"https:\/\/mecanique-vivante.com\/wp-content\/uploads\/2024\/04\/La-Toupie.jpg\" data-elementor-open-lightbox=\"yes\" data-elementor-lightbox-title=\"La Toupie\" data-e-action-hash=\"#elementor-action%3Aaction%3Dlightbox%26settings%3DeyJpZCI6MTYwMSwidXJsIjoiaHR0cHM6XC9cL21lY2FuaXF1ZS12aXZhbnRlLmNvbVwvd3AtY29udGVudFwvdXBsb2Fkc1wvMjAyNFwvMDRcL0xhLVRvdXBpZS5qcGcifQ%3D%3D\">\n\t\t\t\t\t\t\t<img fetchpriority=\"high\" decoding=\"async\" width=\"1153\" height=\"825\" src=\"https:\/\/mecanique-vivante.com\/wp-content\/uploads\/2024\/04\/La-Toupie.jpg\" class=\"attachment-large size-large wp-image-1601\" alt=\"\" srcset=\"https:\/\/mecanique-vivante.com\/wp-content\/uploads\/2024\/04\/La-Toupie.jpg 1153w, https:\/\/mecanique-vivante.com\/wp-content\/uploads\/2024\/04\/La-Toupie-768x550.jpg 768w\" sizes=\"(max-width: 1153px) 100vw, 1153px\" \/>\t\t\t\t\t\t\t\t<\/a>\n\t\t\t\t\t\t\t\t\t\t\t<figcaption class=\"widget-image-caption wp-caption-text\">Photo credit  Marie-Pierre Vincent <\/figcaption>\n\t\t\t\t\t\t\t\t\t\t<\/figure>\n\t\t\t\t\t\t\t\t\t<\/div>\n\t\t\t\t<\/div>\n\t\t\t\t<\/div>\n\t\t<div class=\"elementor-element elementor-element-c69fdc1 e-con-full e-flex e-con e-child\" data-id=\"c69fdc1\" data-element_type=\"container\">\n\t\t\t\t<div class=\"elementor-element elementor-element-de17f60 elementor-invisible elementor-widget elementor-widget-heading\" data-id=\"de17f60\" data-element_type=\"widget\" data-settings=\"{&quot;_animation&quot;:&quot;fadeInUp&quot;}\" data-widget_type=\"heading.default\">\n\t\t\t\t<div class=\"elementor-widget-container\">\n\t\t\t\t\t<h2 class=\"elementor-heading-title elementor-size-default\">The Spinner - urban mix<\/h2>\t\t\t\t<\/div>\n\t\t\t\t<\/div>\n\t\t\t\t<div class=\"elementor-element elementor-element-07288dc elementor-widget elementor-widget-text-editor\" data-id=\"07288dc\" data-element_type=\"widget\" data-widget_type=\"text-editor.default\">\n\t\t\t\t<div class=\"elementor-widget-container\">\n\t\t\t\t\t\t\t\t\tIn the M\u00e9canique Vivante tradition of giving new purpose to every day objects, The Spinner is top! Flagship project of the 90&#8217;s The Spinner traversed Europe in the 90&#8217;s bringing its urban musical tale with it. And it launched the careers of a generation of musicians who have become world-wide references: Camille &#8211; Magic Malik &#8211; S\u00e9bastien Martel &#8211; Mathieu Ch\u00e9did &#8211; JuanRozoff &#8211; Julien Loureau, SarahMurcia, Catman (David Ta\u00efeb), CyrilAv\u00eaque, Ardag Basmadjian, PierreBosheron, Fixi Bossard, Ludovic Bource, Laurent Camuzat, Cub1, Disco (Christophe Minck), Alex Ferro, Manu Leduc, Eric L\u00f6rher, Fred Mackinghem, Marlon, Trashid Orfaz, Or Solomon, Thierry Stremler, Franck Vaillant. \n\n  \n\n \t\t\t\t\t\t\t\t<\/div>\n\t\t\t\t<\/div>\n\t\t\t\t<\/div>\n\t\t\t\t\t<\/div>\n\t\t\t\t<\/div>\n\t\t<div class=\"elementor-element elementor-element-97507cb e-flex e-con-boxed e-con e-parent\" data-id=\"97507cb\" data-element_type=\"container\">\n\t\t\t\t\t<div class=\"e-con-inner\">\n\t\t<div class=\"elementor-element elementor-element-9cae456 e-con-full e-flex e-con e-child\" data-id=\"9cae456\" data-element_type=\"container\">\n\t\t\t\t<div class=\"elementor-element elementor-element-19e3de2 elementor-widget elementor-widget-gallery\" data-id=\"19e3de2\" data-element_type=\"widget\" data-settings=\"{&quot;gallery_layout&quot;:&quot;justified&quot;,&quot;ideal_row_height&quot;:{&quot;unit&quot;:&quot;px&quot;,&quot;size&quot;:300,&quot;sizes&quot;:[]},&quot;lazyload&quot;:&quot;yes&quot;,&quot;ideal_row_height_tablet&quot;:{&quot;unit&quot;:&quot;px&quot;,&quot;size&quot;:150,&quot;sizes&quot;:[]},&quot;ideal_row_height_mobile&quot;:{&quot;unit&quot;:&quot;px&quot;,&quot;size&quot;:150,&quot;sizes&quot;:[]},&quot;gap&quot;:{&quot;unit&quot;:&quot;px&quot;,&quot;size&quot;:10,&quot;sizes&quot;:[]},&quot;gap_tablet&quot;:{&quot;unit&quot;:&quot;px&quot;,&quot;size&quot;:10,&quot;sizes&quot;:[]},&quot;gap_mobile&quot;:{&quot;unit&quot;:&quot;px&quot;,&quot;size&quot;:10,&quot;sizes&quot;:[]},&quot;link_to&quot;:&quot;file&quot;,&quot;overlay_background&quot;:&quot;yes&quot;,&quot;content_hover_animation&quot;:&quot;fade-in&quot;}\" data-widget_type=\"gallery.default\">\n\t\t\t\t<div class=\"elementor-widget-container\">\n\t\t\t\t\t\t\t<div class=\"elementor-gallery__container\">\n\t\t\t\t\t\t\t<a class=\"e-gallery-item elementor-gallery-item elementor-animated-content\" href=\"https:\/\/mecanique-vivante.com\/wp-content\/uploads\/2024\/04\/p1-velos-pendulaire-photo-sabine-chalaguier.jpg\" data-elementor-open-lightbox=\"yes\" data-elementor-lightbox-slideshow=\"19e3de2\" data-elementor-lightbox-title=\"p1-velos-pendulaire-photo-sabine-chalaguier\" data-e-action-hash=\"#elementor-action%3Aaction%3Dlightbox%26settings%3DeyJpZCI6ODI2LCJ1cmwiOiJodHRwczpcL1wvbWVjYW5pcXVlLXZpdmFudGUuY29tXC93cC1jb250ZW50XC91cGxvYWRzXC8yMDI0XC8wNFwvcDEtdmVsb3MtcGVuZHVsYWlyZS1waG90by1zYWJpbmUtY2hhbGFndWllci5qcGciLCJzbGlkZXNob3ciOiIxOWUzZGUyIn0%3D\">\n\t\t\t\t\t<div class=\"e-gallery-image elementor-gallery-item__image\" data-thumbnail=\"https:\/\/mecanique-vivante.com\/wp-content\/uploads\/2024\/04\/p1-velos-pendulaire-photo-sabine-chalaguier.jpg\" data-width=\"1920\" data-height=\"865\" aria-label=\"\" role=\"img\" ><\/div>\n\t\t\t\t\t\t\t\t\t\t\t<div class=\"elementor-gallery-item__overlay\"><\/div>\n\t\t\t\t\t\t\t\t\t\t\t\t\t\t<\/a>\n\t\t\t\t\t\t\t<a class=\"e-gallery-item elementor-gallery-item elementor-animated-content\" href=\"https:\/\/mecanique-vivante.com\/wp-content\/uploads\/2024\/04\/p2-velos-pendulaire-photo-sabine-chalaguier.jpg\" data-elementor-open-lightbox=\"yes\" data-elementor-lightbox-slideshow=\"19e3de2\" data-elementor-lightbox-title=\"p2-velos-pendulaire-photo-sabine-chalaguier\" data-e-action-hash=\"#elementor-action%3Aaction%3Dlightbox%26settings%3DeyJpZCI6ODI3LCJ1cmwiOiJodHRwczpcL1wvbWVjYW5pcXVlLXZpdmFudGUuY29tXC93cC1jb250ZW50XC91cGxvYWRzXC8yMDI0XC8wNFwvcDItdmVsb3MtcGVuZHVsYWlyZS1waG90by1zYWJpbmUtY2hhbGFndWllci5qcGciLCJzbGlkZXNob3ciOiIxOWUzZGUyIn0%3D\">\n\t\t\t\t\t<div class=\"e-gallery-image elementor-gallery-item__image\" data-thumbnail=\"https:\/\/mecanique-vivante.com\/wp-content\/uploads\/2024\/04\/p2-velos-pendulaire-photo-sabine-chalaguier.jpg\" data-width=\"1920\" data-height=\"865\" aria-label=\"\" role=\"img\" ><\/div>\n\t\t\t\t\t\t\t\t\t\t\t<div class=\"elementor-gallery-item__overlay\"><\/div>\n\t\t\t\t\t\t\t\t\t\t\t\t\t\t<\/a>\n\t\t\t\t\t<\/div>\n\t\t\t\t\t<\/div>\n\t\t\t\t<\/div>\n\t\t\t\t<\/div>\n\t\t<div class=\"elementor-element elementor-element-3c80bd7 e-con-full e-flex e-con e-child\" data-id=\"3c80bd7\" data-element_type=\"container\">\n\t\t\t\t<div class=\"elementor-element elementor-element-13a07f7 elementor-invisible elementor-widget elementor-widget-heading\" data-id=\"13a07f7\" data-element_type=\"widget\" data-settings=\"{&quot;_animation&quot;:&quot;fadeInUp&quot;}\" data-widget_type=\"heading.default\">\n\t\t\t\t<div class=\"elementor-widget-container\">\n\t\t\t\t\t<h2 class=\"elementor-heading-title elementor-size-default\">The Hanging Bike Challenge<\/h2>\t\t\t\t<\/div>\n\t\t\t\t<\/div>\n\t\t\t\t<div class=\"elementor-element elementor-element-5fee033 elementor-widget elementor-widget-text-editor\" data-id=\"5fee033\" data-element_type=\"widget\" data-widget_type=\"text-editor.default\">\n\t\t\t\t<div class=\"elementor-widget-container\">\n\t\t\t\t\t\t\t\t\tA mad dash to the finishing line, way up above the crowd. This exhilarating aerial race is a large-scale production with an intimate,human element; a giddy, humourous exploit and a wonderful example of M\u00e9canique Vivante&#8217;s world of invention. The Hanging Bike Challenge was created for the 1998 football World Cup.\n\n \t\t\t\t\t\t\t\t<\/div>\n\t\t\t\t<\/div>\n\t\t\t\t<\/div>\n\t\t\t\t\t<\/div>\n\t\t\t\t<\/div>\n\t\t<div class=\"elementor-element elementor-element-0765fca e-flex e-con-boxed e-con e-parent\" data-id=\"0765fca\" data-element_type=\"container\">\n\t\t\t\t\t<div class=\"e-con-inner\">\n\t\t<div class=\"elementor-element elementor-element-dd17db3 e-con-full e-flex e-con e-child\" data-id=\"dd17db3\" data-element_type=\"container\">\n\t\t\t\t<div class=\"elementor-element elementor-element-ef3e9ed elementor-widget elementor-widget-image\" data-id=\"ef3e9ed\" data-element_type=\"widget\" data-widget_type=\"image.default\">\n\t\t\t\t<div class=\"elementor-widget-container\">\n\t\t\t\t\t\t\t\t\t\t\t\t\t\t\t<img decoding=\"async\" width=\"1024\" height=\"678\" src=\"https:\/\/mecanique-vivante.com\/wp-content\/uploads\/2024\/03\/piano-a-poules-1024x678.jpg\" class=\"attachment-large size-large wp-image-1536\" alt=\"\" srcset=\"https:\/\/mecanique-vivante.com\/wp-content\/uploads\/2024\/03\/piano-a-poules-1024x678.jpg 1024w, https:\/\/mecanique-vivante.com\/wp-content\/uploads\/2024\/03\/piano-a-poules-300x199.jpg 300w, https:\/\/mecanique-vivante.com\/wp-content\/uploads\/2024\/03\/piano-a-poules-768x509.jpg 768w, https:\/\/mecanique-vivante.com\/wp-content\/uploads\/2024\/03\/piano-a-poules-1536x1018.jpg 1536w, https:\/\/mecanique-vivante.com\/wp-content\/uploads\/2024\/03\/piano-a-poules.jpg 1811w\" sizes=\"(max-width: 1024px) 100vw, 1024px\" \/>\t\t\t\t\t\t\t\t\t\t\t\t\t\t\t<\/div>\n\t\t\t\t<\/div>\n\t\t\t\t<div class=\"elementor-element elementor-element-11188e8 elementor-widget elementor-widget-video\" data-id=\"11188e8\" data-element_type=\"widget\" data-settings=\"{&quot;video_type&quot;:&quot;vimeo&quot;}\" data-widget_type=\"video.default\">\n\t\t\t\t<div class=\"elementor-widget-container\">\n\t\t\t\t\t\t\t<div class=\"elementor-wrapper elementor-open-inline\">\n\t\t\t<iframe class=\"elementor-video-iframe\" allowfullscreen allow=\"clipboard-write\" title=\"vimeo Video Player\" src=\"https:\/\/player.vimeo.com\/video\/17367729?color&amp;autopause=0&amp;loop=0&amp;muted=0&amp;title=1&amp;portrait=1&amp;byline=1#t=\"><\/iframe>\t\t<\/div>\n\t\t\t\t\t\t<\/div>\n\t\t\t\t<\/div>\n\t\t\t\t<\/div>\n\t\t<div class=\"elementor-element elementor-element-22be444 e-con-full e-flex e-con e-child\" data-id=\"22be444\" data-element_type=\"container\">\n\t\t\t\t<div class=\"elementor-element elementor-element-49bc967 elementor-invisible elementor-widget elementor-widget-heading\" data-id=\"49bc967\" data-element_type=\"widget\" data-settings=\"{&quot;_animation&quot;:&quot;fadeInUp&quot;}\" data-widget_type=\"heading.default\">\n\t\t\t\t<div class=\"elementor-widget-container\">\n\t\t\t\t\t<h2 class=\"elementor-heading-title elementor-size-default\">The Chicken Piano <\/h2>\t\t\t\t<\/div>\n\t\t\t\t<\/div>\n\t\t\t\t<div class=\"elementor-element elementor-element-ea5c85a elementor-widget elementor-widget-text-editor\" data-id=\"ea5c85a\" data-element_type=\"widget\" data-widget_type=\"text-editor.default\">\n\t\t\t\t<div class=\"elementor-widget-container\">\n\t\t\t\t\t\t\t\t\tThe first in a long and curious line of inventions and musical instruments created by Franz Clochard, the chicken piano was invented in 1982 to get chickens to play music live onstage. It opened the door to myriad inventions including the famous flying motorbike &amp; chainsaw of Archaos, the aerial Ace Bar, the Mechanical Arm Wrestler created for FreeWheels, the musical Siren, the N\u00e9nuphars&#8230;..\n\n\t\t\t\t\t\t\t\t<\/div>\n\t\t\t\t<\/div>\n\t\t\t\t<\/div>\n\t\t\t\t\t<\/div>\n\t\t\t\t<\/div>\n\t\t\t\t<\/div>\n\t\t","protected":false},"excerpt":{"rendered":"<p>Photo credit Marie-Pierre Vincent The Spinner &#8211; urban mix In the M\u00e9canique Vivante tradition of giving new purpose to every day objects, The Spinner is top! Flagship project of the 90&#8217;s The Spinner traversed Europe in the 90&#8217;s bringing its urban musical tale with it. And it launched the careers of a generation of musicians [&hellip;]<\/p>\n","protected":false},"author":1,"featured_media":0,"parent":0,"menu_order":0,"comment_status":"closed","ping_status":"closed","template":"elementor_header_footer","meta":{"footnotes":""},"class_list":["post-1693","page","type-page","status-publish","hentry"],"yoast_head":"<!-- This site is optimized with the Yoast SEO plugin v27.4 - https:\/\/yoast.com\/product\/yoast-seo-wordpress\/ -->\n<title>Previous inventions - M\u00e9canique Vivante | Inventions et spectacle<\/title>\n<meta name=\"robots\" content=\"index, follow, max-snippet:-1, max-image-preview:large, max-video-preview:-1\" \/>\n<link rel=\"canonical\" href=\"https:\/\/mecanique-vivante.com\/en\/previous-inventions\/\" \/>\n<meta property=\"og:locale\" content=\"en_US\" \/>\n<meta property=\"og:type\" content=\"article\" \/>\n<meta property=\"og:title\" content=\"Previous inventions - M\u00e9canique Vivante | Inventions et spectacle\" \/>\n<meta property=\"og:description\" content=\"Photo credit Marie-Pierre Vincent The Spinner &#8211; urban mix In the M\u00e9canique Vivante tradition of giving new purpose to every day objects, The Spinner is top! Flagship project of the 90&#8217;s The Spinner traversed Europe in the 90&#8217;s bringing its urban musical tale with it. And it launched the careers of a generation of musicians [&hellip;]\" \/>\n<meta property=\"og:url\" content=\"https:\/\/mecanique-vivante.com\/en\/previous-inventions\/\" \/>\n<meta property=\"og:site_name\" content=\"M\u00e9canique Vivante | Inventions et spectacle\" \/>\n<meta property=\"article:publisher\" content=\"https:\/\/www.facebook.com\/mecaniquevivante\/?locale=fr_FR\" \/>\n<meta property=\"article:modified_time\" content=\"2024-06-24T07:52:05+00:00\" \/>\n<meta property=\"og:image\" content=\"https:\/\/mecanique-vivante.com\/wp-content\/uploads\/2024\/04\/La-Toupie.jpg\" \/>\n<meta name=\"twitter:card\" content=\"summary_large_image\" \/>\n<meta name=\"twitter:label1\" content=\"Est. reading time\" \/>\n\t<meta name=\"twitter:data1\" content=\"2 minutes\" \/>\n<script type=\"application\/ld+json\" class=\"yoast-schema-graph\">{\"@context\":\"https:\\\/\\\/schema.org\",\"@graph\":[{\"@type\":\"WebPage\",\"@id\":\"https:\\\/\\\/mecanique-vivante.com\\\/en\\\/previous-inventions\\\/\",\"url\":\"https:\\\/\\\/mecanique-vivante.com\\\/en\\\/previous-inventions\\\/\",\"name\":\"Previous inventions - M\u00e9canique Vivante | Inventions et spectacle\",\"isPartOf\":{\"@id\":\"https:\\\/\\\/mecanique-vivante.com\\\/#website\"},\"primaryImageOfPage\":{\"@id\":\"https:\\\/\\\/mecanique-vivante.com\\\/en\\\/previous-inventions\\\/#primaryimage\"},\"image\":{\"@id\":\"https:\\\/\\\/mecanique-vivante.com\\\/en\\\/previous-inventions\\\/#primaryimage\"},\"thumbnailUrl\":\"https:\\\/\\\/mecanique-vivante.com\\\/wp-content\\\/uploads\\\/2024\\\/04\\\/La-Toupie.jpg\",\"datePublished\":\"2024-04-09T14:26:41+00:00\",\"dateModified\":\"2024-06-24T07:52:05+00:00\",\"breadcrumb\":{\"@id\":\"https:\\\/\\\/mecanique-vivante.com\\\/en\\\/previous-inventions\\\/#breadcrumb\"},\"inLanguage\":\"en-US\",\"potentialAction\":[{\"@type\":\"ReadAction\",\"target\":[\"https:\\\/\\\/mecanique-vivante.com\\\/en\\\/previous-inventions\\\/\"]}]},{\"@type\":\"ImageObject\",\"inLanguage\":\"en-US\",\"@id\":\"https:\\\/\\\/mecanique-vivante.com\\\/en\\\/previous-inventions\\\/#primaryimage\",\"url\":\"https:\\\/\\\/mecanique-vivante.com\\\/wp-content\\\/uploads\\\/2024\\\/04\\\/La-Toupie.jpg\",\"contentUrl\":\"https:\\\/\\\/mecanique-vivante.com\\\/wp-content\\\/uploads\\\/2024\\\/04\\\/La-Toupie.jpg\"},{\"@type\":\"BreadcrumbList\",\"@id\":\"https:\\\/\\\/mecanique-vivante.com\\\/en\\\/previous-inventions\\\/#breadcrumb\",\"itemListElement\":[{\"@type\":\"ListItem\",\"position\":1,\"name\":\"Accueil\",\"item\":\"https:\\\/\\\/mecanique-vivante.com\\\/\"},{\"@type\":\"ListItem\",\"position\":2,\"name\":\"Previous inventions\"}]},{\"@type\":\"WebSite\",\"@id\":\"https:\\\/\\\/mecanique-vivante.com\\\/#website\",\"url\":\"https:\\\/\\\/mecanique-vivante.com\\\/\",\"name\":\"M\u00e9canique Vivante | Inventions et spectacle\",\"description\":\"M\u00e9canique Vivante | Inventions et spectacle\",\"publisher\":{\"@id\":\"https:\\\/\\\/mecanique-vivante.com\\\/#organization\"},\"potentialAction\":[{\"@type\":\"SearchAction\",\"target\":{\"@type\":\"EntryPoint\",\"urlTemplate\":\"https:\\\/\\\/mecanique-vivante.com\\\/?s={search_term_string}\"},\"query-input\":{\"@type\":\"PropertyValueSpecification\",\"valueRequired\":true,\"valueName\":\"search_term_string\"}}],\"inLanguage\":\"en-US\"},{\"@type\":\"Organization\",\"@id\":\"https:\\\/\\\/mecanique-vivante.com\\\/#organization\",\"name\":\"M\u00e9canique Vivante | Inventions et spectacle\",\"url\":\"https:\\\/\\\/mecanique-vivante.com\\\/\",\"logo\":{\"@type\":\"ImageObject\",\"inLanguage\":\"en-US\",\"@id\":\"https:\\\/\\\/mecanique-vivante.com\\\/#\\\/schema\\\/logo\\\/image\\\/\",\"url\":\"https:\\\/\\\/mecanique-vivante.com\\\/wp-content\\\/uploads\\\/2024\\\/03\\\/Fichier-1@1000x-10011.png\",\"contentUrl\":\"https:\\\/\\\/mecanique-vivante.com\\\/wp-content\\\/uploads\\\/2024\\\/03\\\/Fichier-1@1000x-10011.png\",\"width\":469,\"height\":174,\"caption\":\"M\u00e9canique Vivante | Inventions et spectacle\"},\"image\":{\"@id\":\"https:\\\/\\\/mecanique-vivante.com\\\/#\\\/schema\\\/logo\\\/image\\\/\"},\"sameAs\":[\"https:\\\/\\\/www.facebook.com\\\/mecaniquevivante\\\/?locale=fr_FR\",\"https:\\\/\\\/www.instagram.com\\\/mecaniquevivante\"]}]}<\/script>\n<!-- \/ Yoast SEO plugin. -->","yoast_head_json":{"title":"Previous inventions - M\u00e9canique Vivante | Inventions et spectacle","robots":{"index":"index","follow":"follow","max-snippet":"max-snippet:-1","max-image-preview":"max-image-preview:large","max-video-preview":"max-video-preview:-1"},"canonical":"https:\/\/mecanique-vivante.com\/en\/previous-inventions\/","og_locale":"en_US","og_type":"article","og_title":"Previous inventions - M\u00e9canique Vivante | Inventions et spectacle","og_description":"Photo credit Marie-Pierre Vincent The Spinner &#8211; urban mix In the M\u00e9canique Vivante tradition of giving new purpose to every day objects, The Spinner is top! Flagship project of the 90&#8217;s The Spinner traversed Europe in the 90&#8217;s bringing its urban musical tale with it. And it launched the careers of a generation of musicians [&hellip;]","og_url":"https:\/\/mecanique-vivante.com\/en\/previous-inventions\/","og_site_name":"M\u00e9canique Vivante | Inventions et spectacle","article_publisher":"https:\/\/www.facebook.com\/mecaniquevivante\/?locale=fr_FR","article_modified_time":"2024-06-24T07:52:05+00:00","og_image":[{"url":"https:\/\/mecanique-vivante.com\/wp-content\/uploads\/2024\/04\/La-Toupie.jpg","type":"","width":"","height":""}],"twitter_card":"summary_large_image","twitter_misc":{"Est. reading time":"2 minutes"},"schema":{"@context":"https:\/\/schema.org","@graph":[{"@type":"WebPage","@id":"https:\/\/mecanique-vivante.com\/en\/previous-inventions\/","url":"https:\/\/mecanique-vivante.com\/en\/previous-inventions\/","name":"Previous inventions - M\u00e9canique Vivante | Inventions et spectacle","isPartOf":{"@id":"https:\/\/mecanique-vivante.com\/#website"},"primaryImageOfPage":{"@id":"https:\/\/mecanique-vivante.com\/en\/previous-inventions\/#primaryimage"},"image":{"@id":"https:\/\/mecanique-vivante.com\/en\/previous-inventions\/#primaryimage"},"thumbnailUrl":"https:\/\/mecanique-vivante.com\/wp-content\/uploads\/2024\/04\/La-Toupie.jpg","datePublished":"2024-04-09T14:26:41+00:00","dateModified":"2024-06-24T07:52:05+00:00","breadcrumb":{"@id":"https:\/\/mecanique-vivante.com\/en\/previous-inventions\/#breadcrumb"},"inLanguage":"en-US","potentialAction":[{"@type":"ReadAction","target":["https:\/\/mecanique-vivante.com\/en\/previous-inventions\/"]}]},{"@type":"ImageObject","inLanguage":"en-US","@id":"https:\/\/mecanique-vivante.com\/en\/previous-inventions\/#primaryimage","url":"https:\/\/mecanique-vivante.com\/wp-content\/uploads\/2024\/04\/La-Toupie.jpg","contentUrl":"https:\/\/mecanique-vivante.com\/wp-content\/uploads\/2024\/04\/La-Toupie.jpg"},{"@type":"BreadcrumbList","@id":"https:\/\/mecanique-vivante.com\/en\/previous-inventions\/#breadcrumb","itemListElement":[{"@type":"ListItem","position":1,"name":"Accueil","item":"https:\/\/mecanique-vivante.com\/"},{"@type":"ListItem","position":2,"name":"Previous inventions"}]},{"@type":"WebSite","@id":"https:\/\/mecanique-vivante.com\/#website","url":"https:\/\/mecanique-vivante.com\/","name":"M\u00e9canique Vivante | Inventions et spectacle","description":"M\u00e9canique Vivante | Inventions et spectacle","publisher":{"@id":"https:\/\/mecanique-vivante.com\/#organization"},"potentialAction":[{"@type":"SearchAction","target":{"@type":"EntryPoint","urlTemplate":"https:\/\/mecanique-vivante.com\/?s={search_term_string}"},"query-input":{"@type":"PropertyValueSpecification","valueRequired":true,"valueName":"search_term_string"}}],"inLanguage":"en-US"},{"@type":"Organization","@id":"https:\/\/mecanique-vivante.com\/#organization","name":"M\u00e9canique Vivante | Inventions et spectacle","url":"https:\/\/mecanique-vivante.com\/","logo":{"@type":"ImageObject","inLanguage":"en-US","@id":"https:\/\/mecanique-vivante.com\/#\/schema\/logo\/image\/","url":"https:\/\/mecanique-vivante.com\/wp-content\/uploads\/2024\/03\/Fichier-1@1000x-10011.png","contentUrl":"https:\/\/mecanique-vivante.com\/wp-content\/uploads\/2024\/03\/Fichier-1@1000x-10011.png","width":469,"height":174,"caption":"M\u00e9canique Vivante | Inventions et spectacle"},"image":{"@id":"https:\/\/mecanique-vivante.com\/#\/schema\/logo\/image\/"},"sameAs":["https:\/\/www.facebook.com\/mecaniquevivante\/?locale=fr_FR","https:\/\/www.instagram.com\/mecaniquevivante"]}]}},"_links":{"self":[{"href":"https:\/\/mecanique-vivante.com\/en\/wp-json\/wp\/v2\/pages\/1693","targetHints":{"allow":["GET"]}}],"collection":[{"href":"https:\/\/mecanique-vivante.com\/en\/wp-json\/wp\/v2\/pages"}],"about":[{"href":"https:\/\/mecanique-vivante.com\/en\/wp-json\/wp\/v2\/types\/page"}],"author":[{"embeddable":true,"href":"https:\/\/mecanique-vivante.com\/en\/wp-json\/wp\/v2\/users\/1"}],"replies":[{"embeddable":true,"href":"https:\/\/mecanique-vivante.com\/en\/wp-json\/wp\/v2\/comments?post=1693"}],"version-history":[{"count":11,"href":"https:\/\/mecanique-vivante.com\/en\/wp-json\/wp\/v2\/pages\/1693\/revisions"}],"predecessor-version":[{"id":1869,"href":"https:\/\/mecanique-vivante.com\/en\/wp-json\/wp\/v2\/pages\/1693\/revisions\/1869"}],"wp:attachment":[{"href":"https:\/\/mecanique-vivante.com\/en\/wp-json\/wp\/v2\/media?parent=1693"}],"curies":[{"name":"wp","href":"https:\/\/api.w.org\/{rel}","templated":true}]}}