{"id":1706,"date":"2024-04-16T14:44:55","date_gmt":"2024-04-16T12:44:55","guid":{"rendered":"https:\/\/mecanique-vivante.com\/iloop\/our-partners\/"},"modified":"2024-06-11T16:04:10","modified_gmt":"2024-06-11T14:04:10","slug":"our-partners","status":"publish","type":"page","link":"https:\/\/mecanique-vivante.com\/en\/our-partners\/","title":{"rendered":"Our partners"},"content":{"rendered":"\t\t<div data-elementor-type=\"wp-page\" data-elementor-id=\"1706\" class=\"elementor elementor-1706 elementor-1206\" data-elementor-post-type=\"page\">\n\t\t\t\t<div class=\"elementor-element elementor-element-0db7ecb e-flex e-con-boxed elementor-invisible e-con e-parent\" data-id=\"0db7ecb\" data-element_type=\"container\" data-settings=\"{&quot;animation&quot;:&quot;fadeInUp&quot;}\">\n\t\t\t\t\t<div class=\"e-con-inner\">\n\t\t\t\t<div class=\"elementor-element elementor-element-0cda154 elementor-widget elementor-widget-heading\" data-id=\"0cda154\" data-element_type=\"widget\" data-widget_type=\"heading.default\">\n\t\t\t\t<div class=\"elementor-widget-container\">\n\t\t\t\t\t<h2 class=\"elementor-heading-title elementor-size-default\">Our partners<\/h2>\t\t\t\t<\/div>\n\t\t\t\t<\/div>\n\t\t\t\t\t<\/div>\n\t\t\t\t<\/div>\n\t\t<div class=\"elementor-element elementor-element-7a4b485 e-flex e-con-boxed e-con e-parent\" data-id=\"7a4b485\" data-element_type=\"container\">\n\t\t\t\t\t<div class=\"e-con-inner\">\n\t\t<div class=\"elementor-element elementor-element-6cf2f36 e-con-full e-flex e-con e-child\" data-id=\"6cf2f36\" data-element_type=\"container\">\n\t\t\t\t<div class=\"elementor-element elementor-element-f36ab0b elementor-widget elementor-widget-text-editor\" data-id=\"f36ab0b\" data-element_type=\"widget\" data-widget_type=\"text-editor.default\">\n\t\t\t\t<div class=\"elementor-widget-container\">\n\t\t\t\t\t\t\t\t\t<p>M\u00e9canique Vivante has been partnered by the French Ministry of Culture since 2002 for its research and development of a new musical instrument. It is also supported by the Occitanie Regional Council and the Department of the Gard.<\/p>\n<p>Thanks to their innovative nature, the latest generation of musical Sirens were developed with the help of European funding and the regional structure Transfert LR.<\/p>\n<p>Thanks to its hybrid activity between technology and performing arts, the company has established partnerships with industry, higher education establishments and cultural organisations:<\/p>\n<ul>\n<li>ENSEEG de Grenoble, INSA Engineering School in Lyon, the POLYTECH Montpellier, the Engineering School IMT Al\u00e8s.<\/li>\n<li>and also Le Crat\u00e8re &#8211; National Theatre, Al\u00e8s &#8211; la Passerelle, National Theatre, Gap &#8211; la Coop\u00e9rative de mai &#8211; Sc\u00e8ne de Musiques Actuelles de Clermont Ferrand &#8211; Paloma &#8211; Sc\u00e8ne de Musiques Actuelles de N\u00eemes M\u00e9tropole.<\/li>\n<\/ul>\n\t\t\t\t\t\t\t\t<\/div>\n\t\t\t\t<\/div>\n\t\t\t\t<\/div>\n\t\t\t\t\t<\/div>\n\t\t\t\t<\/div>\n\t\t<div class=\"elementor-element elementor-element-13a4efd e-grid e-con-boxed e-con e-parent\" data-id=\"13a4efd\" data-element_type=\"container\">\n\t\t\t\t\t<div class=\"e-con-inner\">\n\t\t\t\t<div class=\"elementor-element elementor-element-6516314 elementor-widget elementor-widget-image\" data-id=\"6516314\" data-element_type=\"widget\" data-widget_type=\"image.default\">\n\t\t\t\t<div class=\"elementor-widget-container\">\n\t\t\t\t\t\t\t\t\t\t\t\t\t\t\t<img decoding=\"async\" width=\"194\" height=\"48\" src=\"https:\/\/mecanique-vivante.com\/wp-content\/uploads\/2024\/04\/logo-eu-fr.svg\" class=\"attachment-large size-large wp-image-1610\" alt=\"\" \/>\t\t\t\t\t\t\t\t\t\t\t\t\t\t\t<\/div>\n\t\t\t\t<\/div>\n\t\t\t\t<div class=\"elementor-element elementor-element-6ecf095 elementor-widget elementor-widget-image\" data-id=\"6ecf095\" data-element_type=\"widget\" data-widget_type=\"image.default\">\n\t\t\t\t<div class=\"elementor-widget-container\">\n\t\t\t\t\t\t\t\t\t\t\t\t\t\t\t<img fetchpriority=\"high\" decoding=\"async\" width=\"409\" height=\"316\" src=\"https:\/\/mecanique-vivante.com\/wp-content\/uploads\/2024\/04\/LogoMCHP.png\" class=\"attachment-medium size-medium wp-image-1611\" alt=\"\" \/>\t\t\t\t\t\t\t\t\t\t\t\t\t\t\t<\/div>\n\t\t\t\t<\/div>\n\t\t\t\t<div class=\"elementor-element elementor-element-df27cbe elementor-widget elementor-widget-image\" data-id=\"df27cbe\" data-element_type=\"widget\" data-widget_type=\"image.default\">\n\t\t\t\t<div class=\"elementor-widget-container\">\n\t\t\t\t\t\t\t\t\t\t\t\t\t\t\t<img decoding=\"async\" width=\"1200\" height=\"1200\" src=\"https:\/\/mecanique-vivante.com\/wp-content\/uploads\/2024\/04\/1200px-Logo_Occitanie_2017.svg.png\" class=\"attachment-medium size-medium wp-image-1612\" alt=\"\" srcset=\"https:\/\/mecanique-vivante.com\/wp-content\/uploads\/2024\/04\/1200px-Logo_Occitanie_2017.svg.png 1200w, https:\/\/mecanique-vivante.com\/wp-content\/uploads\/2024\/04\/1200px-Logo_Occitanie_2017.svg-768x768.png 768w\" sizes=\"(max-width: 1200px) 100vw, 1200px\" \/>\t\t\t\t\t\t\t\t\t\t\t\t\t\t\t<\/div>\n\t\t\t\t<\/div>\n\t\t\t\t<div class=\"elementor-element elementor-element-dc903bf elementor-widget elementor-widget-image\" data-id=\"dc903bf\" data-element_type=\"widget\" data-widget_type=\"image.default\">\n\t\t\t\t<div class=\"elementor-widget-container\">\n\t\t\t\t\t\t\t\t\t\t\t\t\t\t\t<img loading=\"lazy\" decoding=\"async\" width=\"500\" height=\"500\" src=\"https:\/\/mecanique-vivante.com\/wp-content\/uploads\/2024\/04\/Logo-Gard-2021-RVB-500x500-1.jpg\" class=\"attachment-medium size-medium wp-image-1613\" alt=\"\" \/>\t\t\t\t\t\t\t\t\t\t\t\t\t\t\t<\/div>\n\t\t\t\t<\/div>\n\t\t\t\t<div class=\"elementor-element elementor-element-bf0a962 elementor-widget elementor-widget-image\" data-id=\"bf0a962\" data-element_type=\"widget\" data-widget_type=\"image.default\">\n\t\t\t\t<div class=\"elementor-widget-container\">\n\t\t\t\t\t\t\t\t\t\t\t\t\t\t\t<img loading=\"lazy\" decoding=\"async\" width=\"1200\" height=\"1200\" src=\"https:\/\/mecanique-vivante.com\/wp-content\/uploads\/2024\/04\/341013767_971511340898145_5762407056456712554_n.jpg\" class=\"attachment-large size-large wp-image-1614\" alt=\"\" srcset=\"https:\/\/mecanique-vivante.com\/wp-content\/uploads\/2024\/04\/341013767_971511340898145_5762407056456712554_n.jpg 1200w, https:\/\/mecanique-vivante.com\/wp-content\/uploads\/2024\/04\/341013767_971511340898145_5762407056456712554_n-768x768.jpg 768w\" sizes=\"(max-width: 1200px) 100vw, 1200px\" \/>\t\t\t\t\t\t\t\t\t\t\t\t\t\t\t<\/div>\n\t\t\t\t<\/div>\n\t\t\t\t<div class=\"elementor-element elementor-element-4e5ae80 elementor-widget elementor-widget-image\" data-id=\"4e5ae80\" data-element_type=\"widget\" data-widget_type=\"image.default\">\n\t\t\t\t<div class=\"elementor-widget-container\">\n\t\t\t\t\t\t\t\t\t\t\t\t\t\t\t<img loading=\"lazy\" decoding=\"async\" width=\"453\" height=\"253\" src=\"https:\/\/mecanique-vivante.com\/wp-content\/uploads\/2024\/04\/logo.svg\" class=\"attachment-medium size-medium wp-image-1629\" alt=\"\" \/>\t\t\t\t\t\t\t\t\t\t\t\t\t\t\t<\/div>\n\t\t\t\t<\/div>\n\t\t\t\t\t<\/div>\n\t\t\t\t<\/div>\n\t\t\t\t<\/div>\n\t\t","protected":false},"excerpt":{"rendered":"<p>M\u00e9canique Vivante has been partnered by the French Ministry of Culture since 2002 for its research and development of a new musical instrument. It is also supported by the Occitanie Regional Council and the Department of the Gard. Thanks to their innovative nature, the latest generation of musical Sirens were developed with the help of [&hellip;]<\/p>\n","protected":false},"author":1,"featured_media":0,"parent":0,"menu_order":0,"comment_status":"closed","ping_status":"closed","template":"elementor_header_footer","meta":{"footnotes":""},"class_list":["post-1706","page","type-page","status-publish","hentry"],"yoast_head":"<!-- This site is optimized with the Yoast SEO plugin v27.2 - https:\/\/yoast.com\/product\/yoast-seo-wordpress\/ -->\n<title>Our partners - M\u00e9canique Vivante | Inventions et spectacle<\/title>\n<meta name=\"robots\" content=\"index, follow, max-snippet:-1, max-image-preview:large, max-video-preview:-1\" \/>\n<link rel=\"canonical\" href=\"https:\/\/mecanique-vivante.com\/en\/our-partners\/\" \/>\n<meta property=\"og:locale\" content=\"en_US\" \/>\n<meta property=\"og:type\" content=\"article\" \/>\n<meta property=\"og:title\" content=\"Our partners - M\u00e9canique Vivante | Inventions et spectacle\" \/>\n<meta property=\"og:description\" content=\"M\u00e9canique Vivante has been partnered by the French Ministry of Culture since 2002 for its research and development of a new musical instrument. It is also supported by the Occitanie Regional Council and the Department of the Gard. Thanks to their innovative nature, the latest generation of musical Sirens were developed with the help of [&hellip;]\" \/>\n<meta property=\"og:url\" content=\"https:\/\/mecanique-vivante.com\/en\/our-partners\/\" \/>\n<meta property=\"og:site_name\" content=\"M\u00e9canique Vivante | Inventions et spectacle\" \/>\n<meta property=\"article:publisher\" content=\"https:\/\/www.facebook.com\/mecaniquevivante\/?locale=fr_FR\" \/>\n<meta property=\"article:modified_time\" content=\"2024-06-11T14:04:10+00:00\" \/>\n<meta property=\"og:image\" content=\"https:\/\/mecanique-vivante.com\/wp-content\/uploads\/2024\/04\/logo-eu-fr.svg\" \/>\n<meta name=\"twitter:card\" content=\"summary_large_image\" \/>\n<meta name=\"twitter:label1\" content=\"Est. reading time\" \/>\n\t<meta name=\"twitter:data1\" content=\"1 minute\" \/>\n<script type=\"application\/ld+json\" class=\"yoast-schema-graph\">{\"@context\":\"https:\/\/schema.org\",\"@graph\":[{\"@type\":\"WebPage\",\"@id\":\"https:\/\/mecanique-vivante.com\/en\/our-partners\/\",\"url\":\"https:\/\/mecanique-vivante.com\/en\/our-partners\/\",\"name\":\"Our partners - M\u00e9canique Vivante | Inventions et spectacle\",\"isPartOf\":{\"@id\":\"https:\/\/mecanique-vivante.com\/#website\"},\"primaryImageOfPage\":{\"@id\":\"https:\/\/mecanique-vivante.com\/en\/our-partners\/#primaryimage\"},\"image\":{\"@id\":\"https:\/\/mecanique-vivante.com\/en\/our-partners\/#primaryimage\"},\"thumbnailUrl\":\"https:\/\/mecanique-vivante.com\/wp-content\/uploads\/2024\/04\/logo-eu-fr.svg\",\"datePublished\":\"2024-04-16T12:44:55+00:00\",\"dateModified\":\"2024-06-11T14:04:10+00:00\",\"breadcrumb\":{\"@id\":\"https:\/\/mecanique-vivante.com\/en\/our-partners\/#breadcrumb\"},\"inLanguage\":\"en-US\",\"potentialAction\":[{\"@type\":\"ReadAction\",\"target\":[\"https:\/\/mecanique-vivante.com\/en\/our-partners\/\"]}]},{\"@type\":\"ImageObject\",\"inLanguage\":\"en-US\",\"@id\":\"https:\/\/mecanique-vivante.com\/en\/our-partners\/#primaryimage\",\"url\":\"https:\/\/mecanique-vivante.com\/wp-content\/uploads\/2024\/04\/logo-eu-fr.svg\",\"contentUrl\":\"https:\/\/mecanique-vivante.com\/wp-content\/uploads\/2024\/04\/logo-eu-fr.svg\"},{\"@type\":\"BreadcrumbList\",\"@id\":\"https:\/\/mecanique-vivante.com\/en\/our-partners\/#breadcrumb\",\"itemListElement\":[{\"@type\":\"ListItem\",\"position\":1,\"name\":\"Accueil\",\"item\":\"https:\/\/mecanique-vivante.com\/\"},{\"@type\":\"ListItem\",\"position\":2,\"name\":\"Our partners\"}]},{\"@type\":\"WebSite\",\"@id\":\"https:\/\/mecanique-vivante.com\/#website\",\"url\":\"https:\/\/mecanique-vivante.com\/\",\"name\":\"M\u00e9canique Vivante | Inventions et spectacle\",\"description\":\"M\u00e9canique Vivante | Inventions et spectacle\",\"publisher\":{\"@id\":\"https:\/\/mecanique-vivante.com\/#organization\"},\"potentialAction\":[{\"@type\":\"SearchAction\",\"target\":{\"@type\":\"EntryPoint\",\"urlTemplate\":\"https:\/\/mecanique-vivante.com\/?s={search_term_string}\"},\"query-input\":{\"@type\":\"PropertyValueSpecification\",\"valueRequired\":true,\"valueName\":\"search_term_string\"}}],\"inLanguage\":\"en-US\"},{\"@type\":\"Organization\",\"@id\":\"https:\/\/mecanique-vivante.com\/#organization\",\"name\":\"M\u00e9canique Vivante | Inventions et spectacle\",\"url\":\"https:\/\/mecanique-vivante.com\/\",\"logo\":{\"@type\":\"ImageObject\",\"inLanguage\":\"en-US\",\"@id\":\"https:\/\/mecanique-vivante.com\/#\/schema\/logo\/image\/\",\"url\":\"https:\/\/mecanique-vivante.com\/wp-content\/uploads\/2024\/03\/Fichier-1@1000x-10011.png\",\"contentUrl\":\"https:\/\/mecanique-vivante.com\/wp-content\/uploads\/2024\/03\/Fichier-1@1000x-10011.png\",\"width\":469,\"height\":174,\"caption\":\"M\u00e9canique Vivante | Inventions et spectacle\"},\"image\":{\"@id\":\"https:\/\/mecanique-vivante.com\/#\/schema\/logo\/image\/\"},\"sameAs\":[\"https:\/\/www.facebook.com\/mecaniquevivante\/?locale=fr_FR\",\"https:\/\/www.instagram.com\/mecaniquevivante\"]}]}<\/script>\n<!-- \/ Yoast SEO plugin. -->","yoast_head_json":{"title":"Our partners - M\u00e9canique Vivante | Inventions et spectacle","robots":{"index":"index","follow":"follow","max-snippet":"max-snippet:-1","max-image-preview":"max-image-preview:large","max-video-preview":"max-video-preview:-1"},"canonical":"https:\/\/mecanique-vivante.com\/en\/our-partners\/","og_locale":"en_US","og_type":"article","og_title":"Our partners - M\u00e9canique Vivante | Inventions et spectacle","og_description":"M\u00e9canique Vivante has been partnered by the French Ministry of Culture since 2002 for its research and development of a new musical instrument. It is also supported by the Occitanie Regional Council and the Department of the Gard. Thanks to their innovative nature, the latest generation of musical Sirens were developed with the help of [&hellip;]","og_url":"https:\/\/mecanique-vivante.com\/en\/our-partners\/","og_site_name":"M\u00e9canique Vivante | Inventions et spectacle","article_publisher":"https:\/\/www.facebook.com\/mecaniquevivante\/?locale=fr_FR","article_modified_time":"2024-06-11T14:04:10+00:00","og_image":[{"url":"https:\/\/mecanique-vivante.com\/wp-content\/uploads\/2024\/04\/logo-eu-fr.svg","type":"","width":"","height":""}],"twitter_card":"summary_large_image","twitter_misc":{"Est. reading time":"1 minute"},"schema":{"@context":"https:\/\/schema.org","@graph":[{"@type":"WebPage","@id":"https:\/\/mecanique-vivante.com\/en\/our-partners\/","url":"https:\/\/mecanique-vivante.com\/en\/our-partners\/","name":"Our partners - M\u00e9canique Vivante | Inventions et spectacle","isPartOf":{"@id":"https:\/\/mecanique-vivante.com\/#website"},"primaryImageOfPage":{"@id":"https:\/\/mecanique-vivante.com\/en\/our-partners\/#primaryimage"},"image":{"@id":"https:\/\/mecanique-vivante.com\/en\/our-partners\/#primaryimage"},"thumbnailUrl":"https:\/\/mecanique-vivante.com\/wp-content\/uploads\/2024\/04\/logo-eu-fr.svg","datePublished":"2024-04-16T12:44:55+00:00","dateModified":"2024-06-11T14:04:10+00:00","breadcrumb":{"@id":"https:\/\/mecanique-vivante.com\/en\/our-partners\/#breadcrumb"},"inLanguage":"en-US","potentialAction":[{"@type":"ReadAction","target":["https:\/\/mecanique-vivante.com\/en\/our-partners\/"]}]},{"@type":"ImageObject","inLanguage":"en-US","@id":"https:\/\/mecanique-vivante.com\/en\/our-partners\/#primaryimage","url":"https:\/\/mecanique-vivante.com\/wp-content\/uploads\/2024\/04\/logo-eu-fr.svg","contentUrl":"https:\/\/mecanique-vivante.com\/wp-content\/uploads\/2024\/04\/logo-eu-fr.svg"},{"@type":"BreadcrumbList","@id":"https:\/\/mecanique-vivante.com\/en\/our-partners\/#breadcrumb","itemListElement":[{"@type":"ListItem","position":1,"name":"Accueil","item":"https:\/\/mecanique-vivante.com\/"},{"@type":"ListItem","position":2,"name":"Our partners"}]},{"@type":"WebSite","@id":"https:\/\/mecanique-vivante.com\/#website","url":"https:\/\/mecanique-vivante.com\/","name":"M\u00e9canique Vivante | Inventions et spectacle","description":"M\u00e9canique Vivante | Inventions et spectacle","publisher":{"@id":"https:\/\/mecanique-vivante.com\/#organization"},"potentialAction":[{"@type":"SearchAction","target":{"@type":"EntryPoint","urlTemplate":"https:\/\/mecanique-vivante.com\/?s={search_term_string}"},"query-input":{"@type":"PropertyValueSpecification","valueRequired":true,"valueName":"search_term_string"}}],"inLanguage":"en-US"},{"@type":"Organization","@id":"https:\/\/mecanique-vivante.com\/#organization","name":"M\u00e9canique Vivante | Inventions et spectacle","url":"https:\/\/mecanique-vivante.com\/","logo":{"@type":"ImageObject","inLanguage":"en-US","@id":"https:\/\/mecanique-vivante.com\/#\/schema\/logo\/image\/","url":"https:\/\/mecanique-vivante.com\/wp-content\/uploads\/2024\/03\/Fichier-1@1000x-10011.png","contentUrl":"https:\/\/mecanique-vivante.com\/wp-content\/uploads\/2024\/03\/Fichier-1@1000x-10011.png","width":469,"height":174,"caption":"M\u00e9canique Vivante | Inventions et spectacle"},"image":{"@id":"https:\/\/mecanique-vivante.com\/#\/schema\/logo\/image\/"},"sameAs":["https:\/\/www.facebook.com\/mecaniquevivante\/?locale=fr_FR","https:\/\/www.instagram.com\/mecaniquevivante"]}]}},"_links":{"self":[{"href":"https:\/\/mecanique-vivante.com\/en\/wp-json\/wp\/v2\/pages\/1706","targetHints":{"allow":["GET"]}}],"collection":[{"href":"https:\/\/mecanique-vivante.com\/en\/wp-json\/wp\/v2\/pages"}],"about":[{"href":"https:\/\/mecanique-vivante.com\/en\/wp-json\/wp\/v2\/types\/page"}],"author":[{"embeddable":true,"href":"https:\/\/mecanique-vivante.com\/en\/wp-json\/wp\/v2\/users\/1"}],"replies":[{"embeddable":true,"href":"https:\/\/mecanique-vivante.com\/en\/wp-json\/wp\/v2\/comments?post=1706"}],"version-history":[{"count":1,"href":"https:\/\/mecanique-vivante.com\/en\/wp-json\/wp\/v2\/pages\/1706\/revisions"}],"predecessor-version":[{"id":1707,"href":"https:\/\/mecanique-vivante.com\/en\/wp-json\/wp\/v2\/pages\/1706\/revisions\/1707"}],"wp:attachment":[{"href":"https:\/\/mecanique-vivante.com\/en\/wp-json\/wp\/v2\/media?parent=1706"}],"curies":[{"name":"wp","href":"https:\/\/api.w.org\/{rel}","templated":true}]}}